{"id":949,"date":"2020-01-27T08:15:05","date_gmt":"2020-01-27T08:15:05","guid":{"rendered":"https:\/\/demosites.io\/marketing-agency-gb\/?page_id=71"},"modified":"2025-04-11T09:30:09","modified_gmt":"2025-04-11T09:30:09","slug":"notre-offre-de-services","status":"publish","type":"page","link":"https:\/\/see-services.net\/en\/notre-offre-de-services\/","title":{"rendered":"Our services"},"content":{"rendered":"<div style=\"height:20px\" aria-hidden=\"true\" class=\"wp-block-spacer\"><\/div>\n\n\n\n<h2 class=\"wp-block-heading has-text-align-center has-neve-link-hover-color-color has-text-color has-link-color wp-elements-407b917bc33654314d2b26bc5c5d3889\">Our services<\/h2>\n\n\n\n<p class=\"has-text-align-left has-neve-text-color-color has-text-color\" style=\"font-size:18px\">At SEE Services, we offer innovative and tailor-made solutions that meet the specific needs of each client in the field of health, wellness and digital transformation. Our expertise extends to several sectors and we are committed to offer high quality services while relying on teams of professionals and partners recognized internationally.<\/p>\n\n\n\n<div class=\"wp-block-cover has-nv-text-dark-bg-color has-text-color has-link-color wp-elements-2b26b52ac371bddf83ef4454baee4082\" style=\"min-height:600px;aspect-ratio:unset;\"><span aria-hidden=\"true\" class=\"wp-block-cover__background has-neve-link-color-background-color has-background-dim-100 has-background-dim\"><\/span><div class=\"wp-block-cover__inner-container is-layout-flow wp-block-cover-is-layout-flow\">\n<div class=\"wp-block-group\"><div class=\"wp-block-group__inner-container is-layout-flow wp-block-group-is-layout-flow\">\n<div style=\"height:19px\" aria-hidden=\"true\" class=\"wp-block-spacer\"><\/div>\n\n\n\n<figure class=\"wp-block-image size-large has-custom-border\"><img fetchpriority=\"high\" decoding=\"async\" width=\"1024\" height=\"477\" src=\"https:\/\/see-services.net\/wp-content\/uploads\/2025\/05\/Anglais-1.png\" alt=\"\" class=\"wp-image-283\" style=\"border-style:none;border-width:0px;border-radius:19px\" srcset=\"https:\/\/see-services.net\/wp-content\/uploads\/2025\/05\/Anglais-1.png 1920w, https:\/\/see-services.net\/wp-content\/uploads\/2025\/05\/Anglais-1-300x169.png 300w, https:\/\/see-services.net\/wp-content\/uploads\/2025\/05\/Anglais-1-1024x576.png 1024w, https:\/\/see-services.net\/wp-content\/uploads\/2025\/05\/Anglais-1-768x432.png 768w, https:\/\/see-services.net\/wp-content\/uploads\/2025\/05\/Anglais-1-1536x864.png 1536w, https:\/\/see-services.net\/wp-content\/uploads\/2025\/05\/Anglais-1-18x10.png 18w\" sizes=\"(max-width: 1024px) 100vw, 1024px\" \/><\/figure>\n\n\n\n<div style=\"height:30px\" aria-hidden=\"true\" class=\"wp-block-spacer\"><\/div>\n\n\n\n<div class=\"wp-block-columns is-layout-flex wp-container-core-columns-is-layout-2 wp-block-columns-is-layout-flex\">\n<div class=\"wp-block-column is-layout-flow wp-block-column-is-layout-flow\" style=\"padding-right:var(--wp--preset--spacing--30);padding-left:var(--wp--preset--spacing--30);flex-basis:100%\">\n<p class=\"has-text-align-center has-nv-text-dark-bg-color has-text-color\"><strong>Why choose SEE Services?<\/strong><\/p>\n\n\n\n<p class=\"has-nv-text-dark-bg-color has-text-color\"><strong>Personnalized support:<\/strong> We offer constant follow-up and expert advice throughout the implementation of our solutions.<\/p>\n\n\n\n<p class=\"has-nv-text-dark-bg-color has-text-color has-link-color wp-elements-7fad00acdbb84beb1d824ecd669df30f\"><strong>Recognized expertise:<\/strong> With our international experience and reputation, we guarantee high quality services wherever we operate.<\/p>\n\n\n\n<p class=\"has-nv-text-dark-bg-color has-text-color has-link-color wp-elements-14b9b23470a87a887de63115ecb2f5a5\"><strong>Tailor-made solutions:<\/strong> Each client is unique. We adapt our services according to the sector's particularities and the challenges to address.<\/p>\n\n\n\n<p class=\"has-text-align-center has-nv-text-dark-bg-color has-text-color has-link-color wp-elements-e0e4a20388aa5af0aba1d1bc351c43e9\"><strong>Explore our offers<\/strong><\/p>\n\n\n\n<div class=\"wp-block-columns is-layout-flex wp-container-core-columns-is-layout-1 wp-block-columns-is-layout-flex\">\n<div class=\"wp-block-column is-layout-flow wp-block-column-is-layout-flow\">\n<figure class=\"wp-block-image size-large\"><a href=\"https:\/\/see-services.net\/wp-content\/uploads\/2025\/05\/ENG-Offre_de_services_BEE_by_SEE_Europe_et_Outre-Mer-2025_EXT.pptx-1.pdf\"><img decoding=\"async\" width=\"1024\" height=\"580\" src=\"https:\/\/see-services.net\/wp-content\/uploads\/2025\/05\/Anglais.jpg\" alt=\"\" class=\"wp-image-245\" srcset=\"https:\/\/see-services.net\/wp-content\/uploads\/2025\/05\/Anglais.jpg 1920w, https:\/\/see-services.net\/wp-content\/uploads\/2025\/05\/Anglais-300x169.jpg 300w, https:\/\/see-services.net\/wp-content\/uploads\/2025\/05\/Anglais-1024x576.jpg 1024w, https:\/\/see-services.net\/wp-content\/uploads\/2025\/05\/Anglais-768x432.jpg 768w, https:\/\/see-services.net\/wp-content\/uploads\/2025\/05\/Anglais-1536x864.jpg 1536w, https:\/\/see-services.net\/wp-content\/uploads\/2025\/05\/Anglais-18x10.jpg 18w\" sizes=\"(max-width: 1024px) 100vw, 1024px\" \/><\/a><\/figure>\n\n\n\n<div style=\"height:10px\" aria-hidden=\"true\" class=\"wp-block-spacer\"><\/div>\n\n\n\n<div class=\"wp-block-buttons is-content-justification-center is-layout-flex wp-container-core-buttons-is-layout-1 wp-block-buttons-is-layout-flex\">\n<div class=\"wp-block-button has-custom-width wp-block-button__width-75 has-custom-font-size has-small-font-size\"><a class=\"wp-block-button__link has-neve-link-hover-color-color has-nv-text-dark-bg-background-color has-text-color has-background has-link-color has-text-align-center wp-element-button\" href=\"https:\/\/see-services.net\/wp-content\/uploads\/2025\/05\/ENG-Offre_de_services_BEE_by_SEE_Europe_et_Outre-Mer-2025_EXT.pptx-1.pdf\" style=\"border-radius:16px\">Download the \"Bee by SEE\" offer<\/a><\/div>\n<\/div>\n<\/div>\n\n\n\n<div class=\"wp-block-column is-layout-flow wp-block-column-is-layout-flow\">\n<figure class=\"wp-block-image size-large\"><a href=\"https:\/\/see-services.net\/wp-content\/uploads\/2025\/05\/ENG-Deck_Offre-5C_SEE-Services_2025.pptx-1.pdf\"><img decoding=\"async\" width=\"1024\" height=\"580\" src=\"https:\/\/see-services.net\/wp-content\/uploads\/2025\/05\/Anglais.png\" alt=\"\" class=\"wp-image-319\" srcset=\"https:\/\/see-services.net\/wp-content\/uploads\/2025\/05\/Anglais.png 1920w, https:\/\/see-services.net\/wp-content\/uploads\/2025\/05\/Anglais-300x169.png 300w, https:\/\/see-services.net\/wp-content\/uploads\/2025\/05\/Anglais-1024x576.png 1024w, https:\/\/see-services.net\/wp-content\/uploads\/2025\/05\/Anglais-768x432.png 768w, https:\/\/see-services.net\/wp-content\/uploads\/2025\/05\/Anglais-1536x864.png 1536w, https:\/\/see-services.net\/wp-content\/uploads\/2025\/05\/Anglais-18x10.png 18w\" sizes=\"(max-width: 1024px) 100vw, 1024px\" \/><\/a><\/figure>\n\n\n\n<div style=\"height:10px\" aria-hidden=\"true\" class=\"wp-block-spacer\"><\/div>\n\n\n\n<div class=\"wp-block-buttons is-content-justification-center is-layout-flex wp-container-core-buttons-is-layout-2 wp-block-buttons-is-layout-flex\">\n<div class=\"wp-block-button has-custom-width wp-block-button__width-75 has-custom-font-size has-small-font-size\"><a class=\"wp-block-button__link has-neve-link-hover-color-color has-nv-text-dark-bg-background-color has-text-color has-background has-link-color has-text-align-center wp-element-button\" href=\"https:\/\/see-services.net\/wp-content\/uploads\/2025\/05\/ENG-Deck_Offre-5C_SEE-Services_2025.pptx-1.pdf\" style=\"border-radius:16px\">Downloaod the \"5Cs\" offer<\/a><\/div>\n<\/div>\n<\/div>\n<\/div>\n<\/div>\n<\/div>\n<\/div><\/div>\n<\/div><\/div>\n\n\n\n<div class=\"wp-block-cover alignfull\" style=\"min-height:600px;aspect-ratio:unset;\"><span aria-hidden=\"true\" class=\"wp-block-cover__background has-nv-site-bg-background-color has-background-dim-100 has-background-dim\"><\/span><div class=\"wp-block-cover__inner-container is-layout-flow wp-block-cover-is-layout-flow\">\n<div class=\"wp-block-group\"><div class=\"wp-block-group__inner-container is-layout-flow wp-block-group-is-layout-flow\">\n<div style=\"height:0px\" aria-hidden=\"true\" class=\"wp-block-spacer\"><\/div>\n\n\n\n<h2 class=\"wp-block-heading has-neve-text-color-color has-text-color\">Overview of our products and services<\/h2>\n\n\n\n<div style=\"height:20px\" aria-hidden=\"true\" class=\"wp-block-spacer\"><\/div>\n\n\n\n<div class=\"wp-block-columns are-vertically-aligned-center is-layout-flex wp-container-core-columns-is-layout-3 wp-block-columns-is-layout-flex\">\n<div class=\"wp-block-column is-vertically-aligned-center is-layout-flow wp-block-column-is-layout-flow\" style=\"padding-right:var(--wp--preset--spacing--30);padding-left:var(--wp--preset--spacing--30);flex-basis:25%\">\n<figure class=\"wp-block-image size-full has-custom-border\"><a href=\"https:\/\/caravanes.santeenentreprise.com\/\"><img loading=\"lazy\" decoding=\"async\" width=\"1080\" height=\"810\" src=\"https:\/\/see-services.net\/wp-content\/uploads\/2025\/03\/depistage.jpg\" alt=\"\" class=\"wp-image-1183\" style=\"border-radius:24px;aspect-ratio:16\/9;object-fit:cover\" srcset=\"https:\/\/see-services.net\/wp-content\/uploads\/2025\/03\/depistage.jpg 1080w, https:\/\/see-services.net\/wp-content\/uploads\/2025\/03\/depistage-300x225.jpg 300w, https:\/\/see-services.net\/wp-content\/uploads\/2025\/03\/depistage-1024x768.jpg 1024w, https:\/\/see-services.net\/wp-content\/uploads\/2025\/03\/depistage-768x576.jpg 768w\" sizes=\"(max-width: 1080px) 100vw, 1080px\" \/><\/a><\/figure>\n\n\n\n<div style=\"height:10px\" aria-hidden=\"true\" class=\"wp-block-spacer\"><\/div>\n\n\n\n<h5 class=\"wp-block-heading has-text-align-left has-text-align-center has-neve-text-color-color has-text-color\">3.0 Health Caravan<\/h5>\n\n\n\n<div style=\"height:40px\" aria-hidden=\"true\" class=\"wp-block-spacer\"><\/div>\n<\/div>\n\n\n\n<div class=\"wp-block-column is-vertically-aligned-center is-layout-flow wp-block-column-is-layout-flow\" style=\"padding-right:var(--wp--preset--spacing--30);padding-left:var(--wp--preset--spacing--30);flex-basis:25%\">\n<figure class=\"wp-block-image size-full has-custom-border\"><a href=\"https:\/\/www.bee-france.com\/chroniquesenentreprise\"><img loading=\"lazy\" decoding=\"async\" width=\"2048\" height=\"1153\" src=\"https:\/\/see-services.net\/wp-content\/uploads\/2024\/03\/1741073001354.jpg\" alt=\"\" class=\"wp-image-1043\" style=\"border-radius:24px;aspect-ratio:16\/9;object-fit:cover\" srcset=\"https:\/\/see-services.net\/wp-content\/uploads\/2024\/03\/1741073001354.jpg 2048w, https:\/\/see-services.net\/wp-content\/uploads\/2024\/03\/1741073001354-300x169.jpg 300w, https:\/\/see-services.net\/wp-content\/uploads\/2024\/03\/1741073001354-1024x577.jpg 1024w, https:\/\/see-services.net\/wp-content\/uploads\/2024\/03\/1741073001354-768x432.jpg 768w, https:\/\/see-services.net\/wp-content\/uploads\/2024\/03\/1741073001354-1536x865.jpg 1536w\" sizes=\"(max-width: 2048px) 100vw, 2048px\" \/><\/a><\/figure>\n\n\n\n<div style=\"height:10px\" aria-hidden=\"true\" class=\"wp-block-spacer\"><\/div>\n\n\n\n<h5 class=\"wp-block-heading has-text-align-left has-text-align-center has-neve-text-color-color has-text-color\">Chronic diseases at work<\/h5>\n\n\n\n<div style=\"height:40px\" aria-hidden=\"true\" class=\"wp-block-spacer\"><\/div>\n<\/div>\n\n\n\n<div class=\"wp-block-column is-vertically-aligned-center is-layout-flow wp-block-column-is-layout-flow\" style=\"padding-right:var(--wp--preset--spacing--30);padding-left:var(--wp--preset--spacing--30);flex-basis:25%\">\n<figure class=\"wp-block-image size-full has-custom-border\"><a href=\"https:\/\/www.bee-france.com\/gestesetpostures\"><img loading=\"lazy\" decoding=\"async\" width=\"1478\" height=\"1108\" src=\"https:\/\/see-services.net\/wp-content\/uploads\/2025\/03\/Image-Caravane-sante.jpeg\" alt=\"\" class=\"wp-image-1162\" style=\"border-radius:24px;aspect-ratio:16\/9;object-fit:cover\" srcset=\"https:\/\/see-services.net\/wp-content\/uploads\/2025\/03\/Image-Caravane-sante.jpeg 1478w, https:\/\/see-services.net\/wp-content\/uploads\/2025\/03\/Image-Caravane-sante-300x225.jpeg 300w, https:\/\/see-services.net\/wp-content\/uploads\/2025\/03\/Image-Caravane-sante-1024x768.jpeg 1024w, https:\/\/see-services.net\/wp-content\/uploads\/2025\/03\/Image-Caravane-sante-768x576.jpeg 768w\" sizes=\"(max-width: 1478px) 100vw, 1478px\" \/><\/a><\/figure>\n\n\n\n<div style=\"height:10px\" aria-hidden=\"true\" class=\"wp-block-spacer\"><\/div>\n\n\n\n<h5 class=\"wp-block-heading has-text-align-left has-text-align-center has-neve-text-color-color has-text-color\">Gestures and Postures program<\/h5>\n\n\n\n<div style=\"height:40px\" aria-hidden=\"true\" class=\"wp-block-spacer\"><\/div>\n<\/div>\n\n\n\n<div class=\"wp-block-column is-vertically-aligned-center is-layout-flow wp-block-column-is-layout-flow\" style=\"padding-right:var(--wp--preset--spacing--30);padding-left:var(--wp--preset--spacing--30);flex-basis:25%\">\n<figure class=\"wp-block-image size-full has-custom-border\"><a href=\"https:\/\/caravanes.santeenentreprise.com\/sport-sante\/\"><img loading=\"lazy\" decoding=\"async\" width=\"353\" height=\"556\" src=\"https:\/\/see-services.net\/wp-content\/uploads\/2025\/03\/start-r.jpg\" alt=\"\" class=\"wp-image-1182\" style=\"border-radius:24px;aspect-ratio:16\/9;object-fit:cover\" srcset=\"https:\/\/see-services.net\/wp-content\/uploads\/2025\/03\/start-r.jpg 353w, https:\/\/see-services.net\/wp-content\/uploads\/2025\/03\/start-r-190x300.jpg 190w\" sizes=\"(max-width: 353px) 100vw, 353px\" \/><\/a><\/figure>\n\n\n\n<div style=\"height:10px\" aria-hidden=\"true\" class=\"wp-block-spacer\"><\/div>\n\n\n\n<h5 class=\"wp-block-heading has-text-align-left has-text-align-center has-neve-text-color-color has-text-color\">Digital Challenge<\/h5>\n\n\n\n<div style=\"height:40px\" aria-hidden=\"true\" class=\"wp-block-spacer\"><\/div>\n<\/div>\n<\/div>\n\n\n\n<div style=\"height:0px\" aria-hidden=\"true\" class=\"wp-block-spacer\"><\/div>\n<\/div><\/div>\n<\/div><\/div>\n\n\n\n<div class=\"wp-block-cover alignfull\" style=\"min-height:300px;aspect-ratio:unset;\"><span aria-hidden=\"true\" class=\"wp-block-cover__background has-neve-link-color-background-color has-background-dim-100 has-background-dim\"><\/span><div class=\"wp-block-cover__inner-container is-layout-flow wp-block-cover-is-layout-flow\">\n<div style=\"height:20px\" aria-hidden=\"true\" class=\"wp-block-spacer\"><\/div>\n\n\n\n<div class=\"wp-block-columns is-layout-flex wp-container-core-columns-is-layout-4 wp-block-columns-is-layout-flex\">\n<div class=\"wp-block-column is-layout-flow wp-block-column-is-layout-flow\" style=\"flex-basis:20%\"><\/div>\n\n\n\n<div class=\"wp-block-column is-layout-flow wp-block-column-is-layout-flow\" style=\"flex-basis:60%\">\n<div class=\"wp-block-group\"><div class=\"wp-block-group__inner-container is-layout-constrained wp-block-group-is-layout-constrained\">\n<h2 class=\"wp-block-heading has-text-align-center has-nv-text-dark-bg-color has-text-color\">Let's work together on your next health promotion project<\/h2>\n\n\n\n<p class=\"has-text-align-center has-nv-text-dark-bg-color has-text-color has-link-color wp-elements-56f347b2e88021912b8acbaadc636268\">Ready to increase your impact in health promotion? Work with us to design innovative strategies, effectively reach your audience and achieve concrete results. Together, let\u2019s turn your vision into action for better health for all.<\/p>\n\n\n\n<div class=\"wp-block-buttons is-horizontal is-content-justification-center is-layout-flex wp-container-core-buttons-is-layout-3 wp-block-buttons-is-layout-flex\">\n<div class=\"wp-block-button is-style-primary\"><a class=\"wp-block-button__link has-neve-link-color-color has-text-color has-background has-link-color wp-element-button\" href=\"https:\/\/see-services.net\/en\/nous-contacter\/\" style=\"background-color:#ffffff\">Contact us<\/a><\/div>\n<\/div>\n<\/div><\/div>\n<\/div>\n\n\n\n<div class=\"wp-block-column is-layout-flow wp-block-column-is-layout-flow\" style=\"flex-basis:20%\"><\/div>\n<\/div>\n\n\n\n<div style=\"height:20px\" aria-hidden=\"true\" class=\"wp-block-spacer\"><\/div>\n<\/div><\/div>\n\n\n\n<p><\/p>","protected":false},"excerpt":{"rendered":"<p>Notre offre de services Chez SEE Services, nous proposons des solutions innovantes et sur mesure, r\u00e9pondant aux besoins sp\u00e9cifiques de chaque client dans le domaine de la sant\u00e9, du bien-\u00eatre et de la transformation digitale. Notre expertise s\u2019\u00e9tend \u00e0 plusieurs secteurs et nous nous engageons \u00e0 offrir des services de qualit\u00e9, en nous appuyant sur&hellip;&nbsp;<a href=\"https:\/\/see-services.net\/en\/notre-offre-de-services\/\" rel=\"bookmark\">Read More &raquo;<span class=\"screen-reader-text\">Our services<\/span><\/a><\/p>","protected":false},"author":1,"featured_media":0,"parent":0,"menu_order":0,"comment_status":"closed","ping_status":"closed","template":"","meta":{"neve_meta_sidebar":"default","neve_meta_container":"","neve_meta_enable_content_width":"on","neve_meta_content_width":100,"neve_meta_title_alignment":"","neve_meta_author_avatar":"","neve_post_elements_order":"","neve_meta_disable_header":"","neve_meta_disable_footer":"","neve_meta_disable_title":"on","_themeisle_gutenberg_block_has_review":false,"footnotes":""},"class_list":["post-949","page","type-page","status-publish","hentry"],"jetpack_sharing_enabled":true,"_links":{"self":[{"href":"https:\/\/see-services.net\/en\/wp-json\/wp\/v2\/pages\/949","targetHints":{"allow":["GET"]}}],"collection":[{"href":"https:\/\/see-services.net\/en\/wp-json\/wp\/v2\/pages"}],"about":[{"href":"https:\/\/see-services.net\/en\/wp-json\/wp\/v2\/types\/page"}],"author":[{"embeddable":true,"href":"https:\/\/see-services.net\/en\/wp-json\/wp\/v2\/users\/1"}],"replies":[{"embeddable":true,"href":"https:\/\/see-services.net\/en\/wp-json\/wp\/v2\/comments?post=949"}],"version-history":[{"count":22,"href":"https:\/\/see-services.net\/en\/wp-json\/wp\/v2\/pages\/949\/revisions"}],"predecessor-version":[{"id":1230,"href":"https:\/\/see-services.net\/en\/wp-json\/wp\/v2\/pages\/949\/revisions\/1230"}],"wp:attachment":[{"href":"https:\/\/see-services.net\/en\/wp-json\/wp\/v2\/media?parent=949"}],"curies":[{"name":"wp","href":"https:\/\/api.w.org\/{rel}","templated":true}]}}